{"id":356,"date":"2020-01-22T19:04:39","date_gmt":"2020-01-22T18:04:39","guid":{"rendered":"http:\/\/www.sm4vwd.se\/?page_id=356"},"modified":"2020-07-25T00:33:37","modified_gmt":"2020-07-24T22:33:37","slug":"nivan","status":"publish","type":"page","link":"http:\/\/www.sm4vwd.se\/index.php\/nivan\/","title":{"rendered":"Nivan"},"content":{"rendered":"\n<p>Ska bli n\u00e5tt om ryssen h\u00e4r t\u00e4nkte jag.<br><img loading=\"lazy\" decoding=\"async\" width=\"320\" height=\"213\" class=\"wp-image-407\" style=\"width: 320px;\" src=\"http:\/\/www.sm4vwd.se\/wp-content\/uploads\/2020\/06\/DSC_2806-scaled.jpg\" alt=\"\" srcset=\"http:\/\/www.sm4vwd.se\/wp-content\/uploads\/2020\/06\/DSC_2806-scaled.jpg 2560w, http:\/\/www.sm4vwd.se\/wp-content\/uploads\/2020\/06\/DSC_2806-300x199.jpg 300w, http:\/\/www.sm4vwd.se\/wp-content\/uploads\/2020\/06\/DSC_2806-1024x680.jpg 1024w, http:\/\/www.sm4vwd.se\/wp-content\/uploads\/2020\/06\/DSC_2806-768x510.jpg 768w, http:\/\/www.sm4vwd.se\/wp-content\/uploads\/2020\/06\/DSC_2806-1536x1020.jpg 1536w, http:\/\/www.sm4vwd.se\/wp-content\/uploads\/2020\/06\/DSC_2806-2048x1360.jpg 2048w, http:\/\/www.sm4vwd.se\/wp-content\/uploads\/2020\/06\/DSC_2806-1170x777.jpg 1170w\" sizes=\"auto, (max-width: 320px) 100vw, 320px\" \/><\/p>\n","protected":false},"excerpt":{"rendered":"<p>Ska bli n\u00e5tt om ryssen h\u00e4r t\u00e4nkte jag.<\/p>\n","protected":false},"author":1,"featured_media":0,"parent":0,"menu_order":0,"comment_status":"closed","ping_status":"closed","template":"","meta":{"footnotes":""},"class_list":["post-356","page","type-page","status-publish","hentry"],"yoast_head":"<!-- This site is optimized with the Yoast SEO plugin v26.6 - https:\/\/yoast.com\/wordpress\/plugins\/seo\/ -->\n<title>Nivan - Mot h\u00f6gre h\u00f6jder<\/title>\n<meta name=\"robots\" content=\"index, follow, max-snippet:-1, max-image-preview:large, max-video-preview:-1\" \/>\n<link rel=\"canonical\" href=\"http:\/\/www.sm4vwd.se\/index.php\/nivan\/\" \/>\n<meta property=\"og:locale\" content=\"sv_SE\" \/>\n<meta property=\"og:type\" content=\"article\" \/>\n<meta property=\"og:title\" content=\"Nivan - Mot h\u00f6gre h\u00f6jder\" \/>\n<meta property=\"og:description\" content=\"Ska bli n\u00e5tt om ryssen h\u00e4r t\u00e4nkte jag.\" \/>\n<meta property=\"og:url\" content=\"http:\/\/www.sm4vwd.se\/index.php\/nivan\/\" \/>\n<meta property=\"og:site_name\" content=\"Mot h\u00f6gre h\u00f6jder\" \/>\n<meta property=\"article:modified_time\" content=\"2020-07-24T22:33:37+00:00\" \/>\n<meta property=\"og:image\" content=\"http:\/\/www.sm4vwd.se\/wp-content\/uploads\/2020\/06\/DSC_2806-scaled.jpg\" \/>\n<meta name=\"twitter:card\" content=\"summary_large_image\" \/>\n<script type=\"application\/ld+json\" class=\"yoast-schema-graph\">{\"@context\":\"https:\/\/schema.org\",\"@graph\":[{\"@type\":\"WebPage\",\"@id\":\"http:\/\/www.sm4vwd.se\/index.php\/nivan\/\",\"url\":\"http:\/\/www.sm4vwd.se\/index.php\/nivan\/\",\"name\":\"Nivan - Mot h\u00f6gre h\u00f6jder\",\"isPartOf\":{\"@id\":\"http:\/\/www.sm4vwd.se\/#website\"},\"primaryImageOfPage\":{\"@id\":\"http:\/\/www.sm4vwd.se\/index.php\/nivan\/#primaryimage\"},\"image\":{\"@id\":\"http:\/\/www.sm4vwd.se\/index.php\/nivan\/#primaryimage\"},\"thumbnailUrl\":\"http:\/\/www.sm4vwd.se\/wp-content\/uploads\/2020\/06\/DSC_2806-scaled.jpg\",\"datePublished\":\"2020-01-22T18:04:39+00:00\",\"dateModified\":\"2020-07-24T22:33:37+00:00\",\"breadcrumb\":{\"@id\":\"http:\/\/www.sm4vwd.se\/index.php\/nivan\/#breadcrumb\"},\"inLanguage\":\"sv-SE\",\"potentialAction\":[{\"@type\":\"ReadAction\",\"target\":[\"http:\/\/www.sm4vwd.se\/index.php\/nivan\/\"]}]},{\"@type\":\"ImageObject\",\"inLanguage\":\"sv-SE\",\"@id\":\"http:\/\/www.sm4vwd.se\/index.php\/nivan\/#primaryimage\",\"url\":\"http:\/\/www.sm4vwd.se\/wp-content\/uploads\/2020\/06\/DSC_2806-scaled.jpg\",\"contentUrl\":\"http:\/\/www.sm4vwd.se\/wp-content\/uploads\/2020\/06\/DSC_2806-scaled.jpg\",\"width\":2560,\"height\":1700},{\"@type\":\"BreadcrumbList\",\"@id\":\"http:\/\/www.sm4vwd.se\/index.php\/nivan\/#breadcrumb\",\"itemListElement\":[{\"@type\":\"ListItem\",\"position\":1,\"name\":\"Hem\",\"item\":\"http:\/\/www.sm4vwd.se\/\"},{\"@type\":\"ListItem\",\"position\":2,\"name\":\"Nivan\"}]},{\"@type\":\"WebSite\",\"@id\":\"http:\/\/www.sm4vwd.se\/#website\",\"url\":\"http:\/\/www.sm4vwd.se\/\",\"name\":\"Mot h\u00f6gre h\u00f6jder\",\"description\":\"En till tr\u00e5kig WordPress-webbplats - av SM4VWD\",\"publisher\":{\"@id\":\"http:\/\/www.sm4vwd.se\/#\/schema\/person\/785058b546e95d1b271e85d6635aff87\"},\"potentialAction\":[{\"@type\":\"SearchAction\",\"target\":{\"@type\":\"EntryPoint\",\"urlTemplate\":\"http:\/\/www.sm4vwd.se\/?s={search_term_string}\"},\"query-input\":{\"@type\":\"PropertyValueSpecification\",\"valueRequired\":true,\"valueName\":\"search_term_string\"}}],\"inLanguage\":\"sv-SE\"},{\"@type\":[\"Person\",\"Organization\"],\"@id\":\"http:\/\/www.sm4vwd.se\/#\/schema\/person\/785058b546e95d1b271e85d6635aff87\",\"name\":\"anders\",\"image\":{\"@type\":\"ImageObject\",\"inLanguage\":\"sv-SE\",\"@id\":\"http:\/\/www.sm4vwd.se\/#\/schema\/person\/image\/\",\"url\":\"https:\/\/secure.gravatar.com\/avatar\/0b52171dede12e1b52b08822ae70f36f1e87215f81a8678b2dbed16aad081a68?s=96&d=retro&r=g\",\"contentUrl\":\"https:\/\/secure.gravatar.com\/avatar\/0b52171dede12e1b52b08822ae70f36f1e87215f81a8678b2dbed16aad081a68?s=96&d=retro&r=g\",\"caption\":\"anders\"},\"logo\":{\"@id\":\"http:\/\/www.sm4vwd.se\/#\/schema\/person\/image\/\"}}]}<\/script>\n<!-- \/ Yoast SEO plugin. -->","yoast_head_json":{"title":"Nivan - Mot h\u00f6gre h\u00f6jder","robots":{"index":"index","follow":"follow","max-snippet":"max-snippet:-1","max-image-preview":"max-image-preview:large","max-video-preview":"max-video-preview:-1"},"canonical":"http:\/\/www.sm4vwd.se\/index.php\/nivan\/","og_locale":"sv_SE","og_type":"article","og_title":"Nivan - Mot h\u00f6gre h\u00f6jder","og_description":"Ska bli n\u00e5tt om ryssen h\u00e4r t\u00e4nkte jag.","og_url":"http:\/\/www.sm4vwd.se\/index.php\/nivan\/","og_site_name":"Mot h\u00f6gre h\u00f6jder","article_modified_time":"2020-07-24T22:33:37+00:00","og_image":[{"url":"http:\/\/www.sm4vwd.se\/wp-content\/uploads\/2020\/06\/DSC_2806-scaled.jpg","type":"","width":"","height":""}],"twitter_card":"summary_large_image","schema":{"@context":"https:\/\/schema.org","@graph":[{"@type":"WebPage","@id":"http:\/\/www.sm4vwd.se\/index.php\/nivan\/","url":"http:\/\/www.sm4vwd.se\/index.php\/nivan\/","name":"Nivan - Mot h\u00f6gre h\u00f6jder","isPartOf":{"@id":"http:\/\/www.sm4vwd.se\/#website"},"primaryImageOfPage":{"@id":"http:\/\/www.sm4vwd.se\/index.php\/nivan\/#primaryimage"},"image":{"@id":"http:\/\/www.sm4vwd.se\/index.php\/nivan\/#primaryimage"},"thumbnailUrl":"http:\/\/www.sm4vwd.se\/wp-content\/uploads\/2020\/06\/DSC_2806-scaled.jpg","datePublished":"2020-01-22T18:04:39+00:00","dateModified":"2020-07-24T22:33:37+00:00","breadcrumb":{"@id":"http:\/\/www.sm4vwd.se\/index.php\/nivan\/#breadcrumb"},"inLanguage":"sv-SE","potentialAction":[{"@type":"ReadAction","target":["http:\/\/www.sm4vwd.se\/index.php\/nivan\/"]}]},{"@type":"ImageObject","inLanguage":"sv-SE","@id":"http:\/\/www.sm4vwd.se\/index.php\/nivan\/#primaryimage","url":"http:\/\/www.sm4vwd.se\/wp-content\/uploads\/2020\/06\/DSC_2806-scaled.jpg","contentUrl":"http:\/\/www.sm4vwd.se\/wp-content\/uploads\/2020\/06\/DSC_2806-scaled.jpg","width":2560,"height":1700},{"@type":"BreadcrumbList","@id":"http:\/\/www.sm4vwd.se\/index.php\/nivan\/#breadcrumb","itemListElement":[{"@type":"ListItem","position":1,"name":"Hem","item":"http:\/\/www.sm4vwd.se\/"},{"@type":"ListItem","position":2,"name":"Nivan"}]},{"@type":"WebSite","@id":"http:\/\/www.sm4vwd.se\/#website","url":"http:\/\/www.sm4vwd.se\/","name":"Mot h\u00f6gre h\u00f6jder","description":"En till tr\u00e5kig WordPress-webbplats - av SM4VWD","publisher":{"@id":"http:\/\/www.sm4vwd.se\/#\/schema\/person\/785058b546e95d1b271e85d6635aff87"},"potentialAction":[{"@type":"SearchAction","target":{"@type":"EntryPoint","urlTemplate":"http:\/\/www.sm4vwd.se\/?s={search_term_string}"},"query-input":{"@type":"PropertyValueSpecification","valueRequired":true,"valueName":"search_term_string"}}],"inLanguage":"sv-SE"},{"@type":["Person","Organization"],"@id":"http:\/\/www.sm4vwd.se\/#\/schema\/person\/785058b546e95d1b271e85d6635aff87","name":"anders","image":{"@type":"ImageObject","inLanguage":"sv-SE","@id":"http:\/\/www.sm4vwd.se\/#\/schema\/person\/image\/","url":"https:\/\/secure.gravatar.com\/avatar\/0b52171dede12e1b52b08822ae70f36f1e87215f81a8678b2dbed16aad081a68?s=96&d=retro&r=g","contentUrl":"https:\/\/secure.gravatar.com\/avatar\/0b52171dede12e1b52b08822ae70f36f1e87215f81a8678b2dbed16aad081a68?s=96&d=retro&r=g","caption":"anders"},"logo":{"@id":"http:\/\/www.sm4vwd.se\/#\/schema\/person\/image\/"}}]}},"_links":{"self":[{"href":"http:\/\/www.sm4vwd.se\/index.php\/wp-json\/wp\/v2\/pages\/356","targetHints":{"allow":["GET"]}}],"collection":[{"href":"http:\/\/www.sm4vwd.se\/index.php\/wp-json\/wp\/v2\/pages"}],"about":[{"href":"http:\/\/www.sm4vwd.se\/index.php\/wp-json\/wp\/v2\/types\/page"}],"author":[{"embeddable":true,"href":"http:\/\/www.sm4vwd.se\/index.php\/wp-json\/wp\/v2\/users\/1"}],"replies":[{"embeddable":true,"href":"http:\/\/www.sm4vwd.se\/index.php\/wp-json\/wp\/v2\/comments?post=356"}],"version-history":[{"count":16,"href":"http:\/\/www.sm4vwd.se\/index.php\/wp-json\/wp\/v2\/pages\/356\/revisions"}],"predecessor-version":[{"id":439,"href":"http:\/\/www.sm4vwd.se\/index.php\/wp-json\/wp\/v2\/pages\/356\/revisions\/439"}],"wp:attachment":[{"href":"http:\/\/www.sm4vwd.se\/index.php\/wp-json\/wp\/v2\/media?parent=356"}],"curies":[{"name":"wp","href":"https:\/\/api.w.org\/{rel}","templated":true}]}}